{"id":22,"date":"2021-07-10T15:06:05","date_gmt":"2021-07-10T18:06:05","guid":{"rendered":"http:\/\/vista.art.br\/lab\/?page_id=22"},"modified":"2021-07-18T23:20:18","modified_gmt":"2021-07-19T02:20:18","slug":"sobre","status":"publish","type":"page","link":"https:\/\/vista.art.br\/lab\/sobre\/","title":{"rendered":"Sobre VISTA Lab"},"content":{"rendered":"\n<p>Somos um laborat\u00f3rio criativo que amplifica ideais.<\/p>\n\n\n\n<p>Formatados como est\u00fadio de comunica\u00e7\u00e3o e marketing fullservice, funcionamos como um polo de express\u00e3o criativa e nos conectamos a parceiros para cocriar e contar grandes hist\u00f3rias.<\/p>\n\n\n\n<p>Trabalhamos com produ\u00e7\u00e3o de conte\u00fado, planejamento, eventos, cria\u00e7\u00e3o de campanhas, produ\u00e7\u00e3o executiva, redes sociais e tudo mais que for preciso para fazer seu projeto acontecer.<\/p>\n\n\n\n<p>Temos a raiz na contracultura e somos um organismo vivo provocador. Acreditamos que perturbar o padr\u00e3o \u00e9 a melhor forma de difundir as nossas mensagens.<\/p>\n\n\n\n<p>Mas isso n\u00e3o quer dizer que n\u00e3o podemos permear ambientes mais certinhos. Isso s\u00f3 quer dizer que vamos fazer as coisas de jeitos mais legais.<\/p>\n\n\n\n<h2 class=\"wp-block-heading\">Alguns parceiros<\/h2>\n\n\n\n<figure class=\"wp-block-gallery columns-4 is-cropped wp-block-gallery-1 is-layout-flex wp-block-gallery-is-layout-flex\"><ul class=\"blocks-gallery-grid\"><li class=\"blocks-gallery-item\"><figure><img loading=\"lazy\" decoding=\"async\" width=\"600\" height=\"300\" src=\"https:\/\/vista.art.br\/lab\/wp-content\/uploads\/adidas-2.jpg\" alt=\"\" data-id=\"157\" data-link=\"https:\/\/vista.art.br\/lab\/sobre\/adidas-2\/\" class=\"wp-image-157\" srcset=\"https:\/\/vista.art.br\/lab\/wp-content\/uploads\/adidas-2.jpg 600w, https:\/\/vista.art.br\/lab\/wp-content\/uploads\/adidas-2-300x150.jpg 300w\" sizes=\"auto, (max-width: 600px) 100vw, 600px\" \/><\/figure><\/li><li class=\"blocks-gallery-item\"><figure><img loading=\"lazy\" decoding=\"async\" width=\"600\" height=\"300\" src=\"http:\/\/vista.art.br\/lab\/wp-content\/uploads\/billabong-1.jpg\" alt=\"\" data-id=\"127\" data-link=\"http:\/\/vista.art.br\/lab\/sobre\/billabong-1\/\" class=\"wp-image-127\" srcset=\"https:\/\/vista.art.br\/lab\/wp-content\/uploads\/billabong-1.jpg 600w, https:\/\/vista.art.br\/lab\/wp-content\/uploads\/billabong-1-300x150.jpg 300w\" sizes=\"auto, (max-width: 600px) 100vw, 600px\" \/><\/figure><\/li><li class=\"blocks-gallery-item\"><figure><img loading=\"lazy\" decoding=\"async\" width=\"600\" height=\"300\" src=\"http:\/\/vista.art.br\/lab\/wp-content\/uploads\/jamenson-1.jpg\" alt=\"\" data-id=\"128\" data-link=\"http:\/\/vista.art.br\/lab\/sobre\/jamenson-1\/\" class=\"wp-image-128\" srcset=\"https:\/\/vista.art.br\/lab\/wp-content\/uploads\/jamenson-1.jpg 600w, https:\/\/vista.art.br\/lab\/wp-content\/uploads\/jamenson-1-300x150.jpg 300w\" sizes=\"auto, (max-width: 600px) 100vw, 600px\" \/><\/figure><\/li><li class=\"blocks-gallery-item\"><figure><img loading=\"lazy\" decoding=\"async\" width=\"600\" height=\"300\" src=\"https:\/\/vista.art.br\/lab\/wp-content\/uploads\/jeep.jpg\" alt=\"\" data-id=\"160\" data-full-url=\"https:\/\/vista.art.br\/lab\/wp-content\/uploads\/jeep.jpg\" data-link=\"https:\/\/vista.art.br\/lab\/sobre\/jeep\/\" class=\"wp-image-160\" srcset=\"https:\/\/vista.art.br\/lab\/wp-content\/uploads\/jeep.jpg 600w, https:\/\/vista.art.br\/lab\/wp-content\/uploads\/jeep-300x150.jpg 300w\" sizes=\"auto, (max-width: 600px) 100vw, 600px\" \/><\/figure><\/li><li class=\"blocks-gallery-item\"><figure><img loading=\"lazy\" decoding=\"async\" width=\"600\" height=\"300\" src=\"http:\/\/vista.art.br\/lab\/wp-content\/uploads\/nike-1.jpg\" alt=\"\" data-id=\"130\" data-link=\"http:\/\/vista.art.br\/lab\/sobre\/nike-1\/\" class=\"wp-image-130\" srcset=\"https:\/\/vista.art.br\/lab\/wp-content\/uploads\/nike-1.jpg 600w, https:\/\/vista.art.br\/lab\/wp-content\/uploads\/nike-1-300x150.jpg 300w\" sizes=\"auto, (max-width: 600px) 100vw, 600px\" \/><\/figure><\/li><li class=\"blocks-gallery-item\"><figure><img loading=\"lazy\" decoding=\"async\" width=\"600\" height=\"300\" src=\"http:\/\/vista.art.br\/lab\/wp-content\/uploads\/oakley-1.jpg\" alt=\"\" data-id=\"131\" data-link=\"http:\/\/vista.art.br\/lab\/sobre\/oakley-1\/\" class=\"wp-image-131\" srcset=\"https:\/\/vista.art.br\/lab\/wp-content\/uploads\/oakley-1.jpg 600w, https:\/\/vista.art.br\/lab\/wp-content\/uploads\/oakley-1-300x150.jpg 300w\" sizes=\"auto, (max-width: 600px) 100vw, 600px\" \/><\/figure><\/li><li class=\"blocks-gallery-item\"><figure><img loading=\"lazy\" decoding=\"async\" width=\"600\" height=\"300\" src=\"https:\/\/vista.art.br\/lab\/wp-content\/uploads\/off.jpg\" alt=\"\" data-id=\"159\" data-full-url=\"https:\/\/vista.art.br\/lab\/wp-content\/uploads\/off.jpg\" data-link=\"https:\/\/vista.art.br\/lab\/sobre\/off\/\" class=\"wp-image-159\" srcset=\"https:\/\/vista.art.br\/lab\/wp-content\/uploads\/off.jpg 600w, https:\/\/vista.art.br\/lab\/wp-content\/uploads\/off-300x150.jpg 300w\" sizes=\"auto, (max-width: 600px) 100vw, 600px\" \/><\/figure><\/li><li class=\"blocks-gallery-item\"><figure><img loading=\"lazy\" decoding=\"async\" width=\"600\" height=\"300\" src=\"https:\/\/vista.art.br\/lab\/wp-content\/uploads\/red_bull-3.jpg\" alt=\"\" data-id=\"158\" data-link=\"https:\/\/vista.art.br\/lab\/sobre\/red_bull-3\/\" class=\"wp-image-158\" srcset=\"https:\/\/vista.art.br\/lab\/wp-content\/uploads\/red_bull-3.jpg 600w, https:\/\/vista.art.br\/lab\/wp-content\/uploads\/red_bull-3-300x150.jpg 300w\" sizes=\"auto, (max-width: 600px) 100vw, 600px\" \/><\/figure><\/li><li class=\"blocks-gallery-item\"><figure><img loading=\"lazy\" decoding=\"async\" width=\"600\" height=\"300\" src=\"http:\/\/vista.art.br\/lab\/wp-content\/uploads\/santander-1.jpg\" alt=\"\" data-id=\"135\" data-link=\"http:\/\/vista.art.br\/lab\/sobre\/santander-1\/\" class=\"wp-image-135\" srcset=\"https:\/\/vista.art.br\/lab\/wp-content\/uploads\/santander-1.jpg 600w, https:\/\/vista.art.br\/lab\/wp-content\/uploads\/santander-1-300x150.jpg 300w\" sizes=\"auto, (max-width: 600px) 100vw, 600px\" \/><\/figure><\/li><li class=\"blocks-gallery-item\"><figure><img loading=\"lazy\" decoding=\"async\" width=\"600\" height=\"300\" src=\"https:\/\/vista.art.br\/lab\/wp-content\/uploads\/samsung.jpg\" alt=\"\" data-id=\"162\" data-full-url=\"https:\/\/vista.art.br\/lab\/wp-content\/uploads\/samsung.jpg\" data-link=\"https:\/\/vista.art.br\/lab\/sobre\/samsung\/\" class=\"wp-image-162\" srcset=\"https:\/\/vista.art.br\/lab\/wp-content\/uploads\/samsung.jpg 600w, https:\/\/vista.art.br\/lab\/wp-content\/uploads\/samsung-300x150.jpg 300w\" sizes=\"auto, (max-width: 600px) 100vw, 600px\" \/><\/figure><\/li><li class=\"blocks-gallery-item\"><figure><img loading=\"lazy\" decoding=\"async\" width=\"600\" height=\"300\" src=\"https:\/\/vista.art.br\/lab\/wp-content\/uploads\/tnt.jpg\" alt=\"\" data-id=\"161\" data-full-url=\"https:\/\/vista.art.br\/lab\/wp-content\/uploads\/tnt.jpg\" data-link=\"https:\/\/vista.art.br\/lab\/sobre\/tnt\/\" class=\"wp-image-161\" srcset=\"https:\/\/vista.art.br\/lab\/wp-content\/uploads\/tnt.jpg 600w, https:\/\/vista.art.br\/lab\/wp-content\/uploads\/tnt-300x150.jpg 300w\" sizes=\"auto, (max-width: 600px) 100vw, 600px\" \/><\/figure><\/li><li class=\"blocks-gallery-item\"><figure><img loading=\"lazy\" decoding=\"async\" width=\"600\" height=\"300\" src=\"http:\/\/vista.art.br\/lab\/wp-content\/uploads\/vans-1.jpg\" alt=\"\" data-id=\"134\" data-link=\"http:\/\/vista.art.br\/lab\/sobre\/vans-1\/\" class=\"wp-image-134\" srcset=\"https:\/\/vista.art.br\/lab\/wp-content\/uploads\/vans-1.jpg 600w, https:\/\/vista.art.br\/lab\/wp-content\/uploads\/vans-1-300x150.jpg 300w\" sizes=\"auto, (max-width: 600px) 100vw, 600px\" \/><\/figure><\/li><\/ul><\/figure>\n\n\n\n<p><\/p>\n","protected":false},"excerpt":{"rendered":"<p>Somos um laborat\u00f3rio criativo que amplifica ideais. Formatados como est\u00fadio de comunica\u00e7\u00e3o e marketing fullservice, funcionamos como um polo de express\u00e3o criativa e nos conectamos a parceiros para cocriar e contar grandes hist\u00f3rias. Trabalhamos com produ\u00e7\u00e3o de conte\u00fado, planejamento, eventos, cria\u00e7\u00e3o de campanhas, produ\u00e7\u00e3o executiva, redes sociais e tudo mais que for preciso para fazer&hellip; <a class=\"more-link\" href=\"https:\/\/vista.art.br\/lab\/sobre\/\">Continuar lendo <span class=\"screen-reader-text\">Sobre VISTA Lab<\/span><\/a><\/p>\n","protected":false},"author":1,"featured_media":0,"parent":0,"menu_order":0,"comment_status":"closed","ping_status":"closed","template":"","meta":{"footnotes":""},"class_list":["post-22","page","type-page","status-publish","hentry","entry"],"_links":{"self":[{"href":"https:\/\/vista.art.br\/lab\/wp-json\/wp\/v2\/pages\/22","targetHints":{"allow":["GET"]}}],"collection":[{"href":"https:\/\/vista.art.br\/lab\/wp-json\/wp\/v2\/pages"}],"about":[{"href":"https:\/\/vista.art.br\/lab\/wp-json\/wp\/v2\/types\/page"}],"author":[{"embeddable":true,"href":"https:\/\/vista.art.br\/lab\/wp-json\/wp\/v2\/users\/1"}],"replies":[{"embeddable":true,"href":"https:\/\/vista.art.br\/lab\/wp-json\/wp\/v2\/comments?post=22"}],"version-history":[{"count":7,"href":"https:\/\/vista.art.br\/lab\/wp-json\/wp\/v2\/pages\/22\/revisions"}],"predecessor-version":[{"id":164,"href":"https:\/\/vista.art.br\/lab\/wp-json\/wp\/v2\/pages\/22\/revisions\/164"}],"wp:attachment":[{"href":"https:\/\/vista.art.br\/lab\/wp-json\/wp\/v2\/media?parent=22"}],"curies":[{"name":"wp","href":"https:\/\/api.w.org\/{rel}","templated":true}]}}